{"id":7,"date":"2025-07-31T09:08:43","date_gmt":"2025-07-31T09:08:43","guid":{"rendered":"https:\/\/boilere.amber.md\/?page_id=7"},"modified":"2025-07-31T13:41:32","modified_gmt":"2025-07-31T13:41:32","slug":"%d1%81%d1%82%d1%80%d0%b0%d0%bd%d0%b8%d1%86%d0%b0-1","status":"publish","type":"page","link":"https:\/\/boilere.amber.md\/","title":{"rendered":"boilere.amber.md"},"content":{"rendered":"<div class=\"\" style=\"\" >\n    \n    <section class=\"u-clearfix u-image u-section-2\" id=\"block-1\" style=\"background-image: url(&quot;https:\/\/boilere.amber.md\/wp-content\/uploads\/2025\/07\/024929c1-6420-486d-a0fd-b37639d7a4f6.png&quot;);\">\n      <div class=\"u-clearfix u-sheet u-sheet-1\">\n        <div class=\"data-layout-selected u-clearfix u-expanded-width u-gutter-16 u-layout-custom-sm u-layout-custom-xs u-layout-wrap u-layout-wrap-1\">\n          <div class=\"u-layout\">\n            <div class=\"u-layout-row\">\n              <div class=\"u-container-style u-layout-cell u-radius-26 u-shape-round u-size-15 u-white u-layout-cell-1\">\n                <div class=\"u-border-2 u-border-white u-container-layout u-container-layout-1\">\n                  <img decoding=\"async\" class=\"u-image u-image-contain u-image-default u-preserve-proportions u-image-1\" src=\"https:\/\/boilere.amber.md\/wp-content\/uploads\/2025\/07\/garantie_5_1.png\" alt=\"\" data-image-width=\"206\" data-image-height=\"206\">\n                <\/div>\n              <\/div>\n              <div class=\"u-container-style u-layout-cell u-radius-26 u-shape-round u-size-15 u-white u-layout-cell-2\" data-animation-name=\"\" data-animation-duration=\"0\" data-animation-delay=\"0\" data-animation-direction=\"\">\n                <div class=\"u-border-2 u-border-white u-container-layout u-container-layout-2\">\n                  <img decoding=\"async\" class=\"u-align-center u-image u-image-contain u-image-default u-preserve-proportions u-image-2\" src=\"https:\/\/boilere.amber.md\/wp-content\/uploads\/2025\/07\/789.png\" alt=\"\" data-image-width=\"143\" data-image-height=\"90\">\n                <\/div>\n              <\/div>\n              <div class=\"u-container-style u-layout-cell u-radius-26 u-shape-round u-size-15 u-white u-layout-cell-3\" data-animation-name=\"\" data-animation-duration=\"0\" data-animation-delay=\"0\" data-animation-direction=\"\">\n                <div class=\"u-border-2 u-border-white u-container-layout u-container-layout-3\"><span class=\"u-file-icon u-icon u-icon-1\"><img decoding=\"async\" src=\"https:\/\/boilere.amber.md\/wp-content\/uploads\/2025\/07\/2024-05-12_15-43-57.png\" alt=\"\"><\/span>\n                  <h4 class=\"u-custom-font u-text u-text-font u-text-1\">25<\/h4>\n                  <h4 class=\"u-custom-font u-text u-text-font u-text-2\">ani de&nbsp;<br>experien\u021b\u0103\n                  <\/h4>\n                <\/div>\n              <\/div>\n              <div class=\"u-container-style u-layout-cell u-radius-26 u-shape-round u-size-15 u-white u-layout-cell-4\" data-animation-name=\"\" data-animation-duration=\"0\" data-animation-delay=\"0\" data-animation-direction=\"\">\n                <div class=\"u-border-2 u-border-white u-container-layout u-container-layout-4\"><span class=\"u-file-icon u-icon u-icon-2\"><img decoding=\"async\" src=\"https:\/\/boilere.amber.md\/wp-content\/uploads\/2025\/07\/2024-05-12_15-43-46.png\" alt=\"\"><\/span>\n                  <h4 class=\"u-custom-font u-text u-text-font u-text-3\">70%<\/h4>\n                  <h4 class=\"u-custom-font u-text u-text-font u-text-4\">economie<br>&nbsp;\u200bla energie\n                  <\/h4>\n                <\/div>\n              <\/div>\n            <\/div>\n          <\/div>\n        <\/div>\n        <h2 class=\"u-custom-font u-font-merriweather u-text u-text-color-var u-text-default u-text-5\"> Comand\u0103\nacum boilerul la pre\u021b special 3240 lei<\/h2>\n        <a href=\"tel:+37322470202\" class=\"u-border-none u-btn u-button-style u-hover-palette-1-dark-1 u-palette-2-base u-btn-1\"> Contacteaz\u0103-ne <\/a>\n      <\/div>\n    <\/section>\n    <section class=\"u-clearfix u-section-3\" id=\"sec-b589\">\n      <h3 class=\"u-custom-font u-font-montserrat u-text u-text-default-lg u-text-default-md u-text-default-sm u-text-default-xl u-text-1\">De\nce anume boilerul Perfetto ED2 ?&nbsp;<\/h3>\n      <img decoding=\"async\" class=\"u-flip-horizontal u-image u-image-contain u-image-default u-preserve-proportions u-image-1\" src=\"https:\/\/boilere.amber.md\/wp-content\/uploads\/2025\/07\/D50-20ED2-CYJ.png\" alt=\"\" data-image-width=\"1681\" data-image-height=\"2214\">\n      <img decoding=\"async\" class=\"u-image u-image-contain u-image-default u-preserve-proportions u-image-2\" src=\"https:\/\/boilere.amber.md\/wp-content\/uploads\/2025\/07\/D50-20ED2-CY-scaled.png\" alt=\"\" data-image-width=\"1614\" data-image-height=\"3186\">\n      <div class=\"u-container-style u-group u-radius-18 u-shape-round u-white u-group-1\">\n        <div class=\"u-container-layout u-container-layout-1\">\n          <div class=\"data-layout-selected u-clearfix u-layout-wrap u-layout-wrap-1\">\n            <div class=\"u-layout\">\n              <div class=\"u-layout-col\">\n                <div class=\"u-container-style u-layout-cell u-size-20 u-layout-cell-1\">\n                  <div class=\"u-container-layout u-container-layout-2\"><span class=\"u-file-icon u-icon u-icon-1\"><img decoding=\"async\" src=\"https:\/\/boilere.amber.md\/wp-content\/uploads\/2025\/07\/1.jpg\" alt=\"\"><\/span>\n                    <h4 class=\"u-custom-font u-font-montserrat u-text u-text-2\"> Instalare Flexibil\u0103: Orizontal\u0103 sau Vertical\u0103<\/h4>\n                  <\/div>\n                <\/div>\n                <div class=\"u-container-style u-layout-cell u-size-20 u-layout-cell-2\">\n                  <div class=\"u-container-layout u-container-layout-3\"><span class=\"u-file-icon u-icon u-icon-2\"><img decoding=\"async\" src=\"https:\/\/boilere.amber.md\/wp-content\/uploads\/2025\/07\/2.jpg\" alt=\"\"><\/span>\n                    <h4 class=\"u-custom-font u-font-montserrat u-text u-text-3\"> Corp compact, ocupa doar 25 cm de la perete.&nbsp;<br>\u00cel pute\u021bi\ninstala chiar \u0219i \u00een b\u0103i mici.\n                    <\/h4>\n                  <\/div>\n                <\/div>\n                <div class=\"u-container-style u-layout-cell u-size-20 u-layout-cell-3\">\n                  <div class=\"u-container-layout u-container-layout-4\"><span class=\"u-file-icon u-icon u-icon-3\"><img decoding=\"async\" src=\"https:\/\/boilere.amber.md\/wp-content\/uploads\/2025\/07\/3.jpg\" alt=\"\"><\/span>\n                    <h4 class=\"u-custom-font u-font-montserrat u-text u-text-4\"> ED2 are 2 vase incorporate.&nbsp;<\/h4>\n                  <\/div>\n                <\/div>\n              <\/div>\n            <\/div>\n          <\/div>\n          <div class=\"data-layout-selected u-clearfix u-layout-wrap u-layout-wrap-2\">\n            <div class=\"u-layout\">\n              <div class=\"u-layout-col\">\n                <div class=\"u-container-style u-layout-cell u-size-30 u-layout-cell-4\">\n                  <div class=\"u-container-layout u-container-layout-5\"><span class=\"u-file-icon u-icon u-icon-4\"><img decoding=\"async\" src=\"https:\/\/boilere.amber.md\/wp-content\/uploads\/2025\/07\/4-1.jpg\" alt=\"\"><\/span>\n                    <h4 class=\"u-custom-font u-font-montserrat u-text u-text-5\"> Putere total\u0103 de 2 kW. Un element de 1,2 kW + alt element de 0,8 kW.\nPute\u021bi aprinde fiecare element separat.<\/h4>\n                  <\/div>\n                <\/div>\n                <div class=\"u-container-style u-layout-cell u-size-30 u-layout-cell-5\">\n                  <div class=\"u-container-layout u-valign-top-lg u-valign-top-md u-valign-top-sm u-valign-top-xl u-container-layout-6\"><span class=\"u-file-icon u-icon u-icon-5\"><img decoding=\"async\" src=\"https:\/\/boilere.amber.md\/wp-content\/uploads\/2025\/07\/5.jpg\" alt=\"\"><\/span>\n                    <h4 class=\"u-custom-font u-font-montserrat u-text u-text-6\"> \u00cenc\u0103lzitor acoperit cu email, mai durabil ca un boiler clasic.<\/h4>\n                    <p class=\"u-text u-text-default u-text-7\">Display LED si control comod. <\/p>\n                  <\/div>\n                <\/div>\n              <\/div>\n            <\/div>\n          <\/div>\n          <img decoding=\"async\" class=\"u-image u-image-default u-image-3\" src=\"https:\/\/boilere.amber.md\/wp-content\/uploads\/2025\/07\/66.jpg\" alt=\"\" data-image-width=\"238\" data-image-height=\"535\">\n          <img decoding=\"async\" class=\"u-image u-image-contain u-image-default u-preserve-proportions u-image-4\" src=\"https:\/\/boilere.amber.md\/wp-content\/uploads\/2025\/07\/77.jpg\" alt=\"\" data-image-width=\"166\" data-image-height=\"70\">\n          <h1 class=\"u-custom-font u-text u-text-font u-text-8\"> Produs la cea mai mare uzin\u0103 de electrocas<span style=\"font-weight: 100;\"><span style=\"font-weight: 100;\"><\/span><\/span>nice ,Midea.&nbsp;\n          <\/h1>\n        <\/div>\n      <\/div>\n    <\/section>\n    <section class=\"u-clearfix u-section-4\" id=\"sec-47f1\">\n      <div class=\"u-clearfix u-sheet u-sheet-1\">\n        <h3 class=\"u-align-center u-custom-font u-font-montserrat u-text u-text-1\">Toate volumele necesare&nbsp;<\/h3>\n        <img decoding=\"async\" class=\"u-expanded-width-xs u-image u-image-contain u-image-default u-image-1\" src=\"https:\/\/boilere.amber.md\/wp-content\/uploads\/2025\/07\/99.jpg\" alt=\"\" data-image-width=\"1049\" data-image-height=\"700\">\n        <a href=\"tel:+37322470202\" class=\"u-align-center u-border-2 u-border-custom-color-2 u-border-hover-custom-color-3 u-btn u-button-style u-color-var u-hover-black u-text-hover-white u-btn-1\" data-animation-name=\"\" data-animation-duration=\"0\" data-animation-delay=\"0\" data-animation-direction=\"\"> Contacteaz\u0103-ne<\/a>\n      <\/div>\n    <\/section>\n    <section class=\"u-clearfix u-image u-shading u-section-5\" id=\"sec-0e5a\" data-image-width=\"626\" data-image-height=\"417\" style=\"background-image: linear-gradient(0deg, rgba(22, 94, 234, 0.45), rgba(22, 94, 234, 0.45)), url(&quot;https:\/\/boilere.amber.md\/wp-content\/uploads\/2025\/07\/realistic-winter-season-celebration-background_23-2149852387.png&quot;);\">\n      <div class=\"u-clearfix u-sheet u-sheet-1\">\n        <h3 class=\"u-align-center u-custom-font u-font-montserrat u-text u-text-body-color u-text-1\"> De ce anume\nboilerul plat Perfetto ED2&nbsp; ?&nbsp;<\/h3>\n        <div class=\"u-align-center u-container-align-center u-container-style u-expanded-width-xs u-group u-radius-21 u-shape-round u-white u-group-1\">\n          <div class=\"u-container-layout u-valign-middle-lg u-valign-middle-md u-valign-middle-sm u-valign-middle-xl u-container-layout-1\">\n            <h4 class=\"u-align-center-xs u-custom-font u-font-montserrat u-text u-text-default-lg u-text-default-md u-text-default-sm u-text-default-xl u-text-2\"> Boilerul\nPerfetto ED2 m-a impresionat din start \u2013 ambalat impecabil \u0219i cu o greutate\ncare \u00ee\u021bi spune clar c\u0103 e construit solid. Are 2 kW putere \u0219i regim turbo, ceea\nce \u00eenseamn\u0103 c\u0103 \u00eenc\u0103lze\u0219te apa foarte repede \u2013 primul du\u0219 e gata \u00een c\u00e2teva\nminute. Ca instalator, \u00eel recomand cu \u00eencredere tuturor clien\u021bilor mei. E un\nprodus fiabil, f\u0103r\u0103 b\u0103t\u0103i de cap, \u0219i nu vreau s\u0103 pierd timp cu repara\u021bii sau\nreclama\u021bii. Perfetto\nchiar e construit s\u0103 dureze.\u201d<\/h4>\n          <\/div>\n        <\/div>\n        <img decoding=\"async\" class=\"u-hidden-md u-hidden-sm u-hidden-xs u-image u-image-contain u-image-default u-image-1\" src=\"https:\/\/boilere.amber.md\/wp-content\/uploads\/2025\/07\/plumber-with-his-arms-crossed_1368-560-removebg-preview.png\" alt=\"\" data-image-width=\"405\" data-image-height=\"446\">\n      <\/div>\n    <\/section>\n    <section class=\"u-clearfix u-section-6\" id=\"sec-1beb\">\n      <div class=\"u-clearfix u-sheet u-valign-bottom-lg u-valign-bottom-md u-valign-bottom-sm u-valign-bottom-xl u-sheet-1\">\n        <h4 class=\"u-align-center u-custom-font u-font-montserrat u-text u-text-default u-text-1\"><span class=\"u-text-custom-color-2\">C\u00eeteva recenzii<\/span>&nbsp;l\u0103sate de clien\u021bii no\u0219tri \n        <\/h4>\n        <img decoding=\"async\" class=\"u-image u-image-contain u-image-default u-image-1\" src=\"https:\/\/boilere.amber.md\/wp-content\/uploads\/2025\/07\/reviewED23full.jpg\" alt=\"\" data-image-width=\"1130\" data-image-height=\"2192\">\n      <\/div>\n    <\/section>\n    <section class=\"u-clearfix u-section-7\" id=\"sec-94f7\">\n      <div class=\"u-clearfix u-sheet u-valign-middle u-sheet-1\">\n        <h3 class=\"u-custom-font u-font-montserrat u-text u-text-default u-text-1\"><span class=\"u-text-custom-color-2\">Adresa<\/span> noastr\u0103 \n        <\/h3>\n        <h4 class=\"u-custom-font u-font-montserrat u-text u-text-custom-color-1 u-text-default u-text-2\"> Amber-Term Showroom<\/h4>\n        <h4 class=\"u-custom-font u-font-montserrat u-text u-text-default u-text-grey-75 u-text-3\"> Chi\u0219in\u0103u, Ciocana, strada Vadul lui Vod\u0103 68<\/h4>\n        <div class=\"u-expanded-width u-grey-light-2 u-map u-map-1\">\n          <div class=\"embed-responsive\">\n            <iframe class=\"embed-responsive-item\" src=\"https:\/\/maps.google.com\/maps?output=embed&amp;q=Amber-Term%20Showroom%20boilere%2C%20cazane%20%C8%99i%20climatizatoare&amp;z=17&amp;t=m\" data-map=\"JTdCJTIyYWRkcmVzcyUyMiUzQSUyMkFtYmVyLVRlcm0lMjBTaG93cm9vbSUyMGJvaWxlcmUlMkMlMjBjYXphbmUlMjAlQzglOTlpJTIwY2xpbWF0aXphdG9hcmUlMjIlMkMlMjJ6b29tJTIyJTNBMTclMkMlMjJ0eXBlSWQlMjIlM0ElMjJyb2FkJTIyJTJDJTIybGFuZyUyMiUzQW51bGwlMkMlMjJhcGlLZXklMjIlM0FudWxsJTJDJTIybWFya2VycyUyMiUzQSU1QiU1RCU3RA==\"><\/iframe>\n          <\/div>\n        <\/div>\n      <\/div>\n    <\/section>\n    \n    \n    \n  \n<\/div>","protected":false},"excerpt":{"rendered":"<p>25 ani de&nbsp;experien\u021b\u0103 70% economie&nbsp;\u200bla energie Comand\u0103 acum boilerul la pre\u021b special 3240 lei Contacteaz\u0103-ne De ce anume boilerul Perfetto ED2 ?&nbsp; Instalare Flexibil\u0103: Orizontal\u0103 sau Vertical\u0103 Corp compact, ocupa doar 25 cm de la perete.&nbsp;\u00cel pute\u021bi instala chiar \u0219i \u00een b\u0103i mici. ED2 are 2 vase incorporate.&nbsp; Putere total\u0103 de 2 kW. Un element [&hellip;]<\/p>\n","protected":false},"author":2,"featured_media":0,"parent":0,"menu_order":0,"comment_status":"closed","ping_status":"closed","template":"","meta":{"footnotes":""},"class_list":["post-7","page","type-page","status-publish","hentry"],"_links":{"self":[{"href":"https:\/\/boilere.amber.md\/index.php\/wp-json\/wp\/v2\/pages\/7","targetHints":{"allow":["GET"]}}],"collection":[{"href":"https:\/\/boilere.amber.md\/index.php\/wp-json\/wp\/v2\/pages"}],"about":[{"href":"https:\/\/boilere.amber.md\/index.php\/wp-json\/wp\/v2\/types\/page"}],"author":[{"embeddable":true,"href":"https:\/\/boilere.amber.md\/index.php\/wp-json\/wp\/v2\/users\/2"}],"replies":[{"embeddable":true,"href":"https:\/\/boilere.amber.md\/index.php\/wp-json\/wp\/v2\/comments?post=7"}],"version-history":[{"count":12,"href":"https:\/\/boilere.amber.md\/index.php\/wp-json\/wp\/v2\/pages\/7\/revisions"}],"predecessor-version":[{"id":69,"href":"https:\/\/boilere.amber.md\/index.php\/wp-json\/wp\/v2\/pages\/7\/revisions\/69"}],"wp:attachment":[{"href":"https:\/\/boilere.amber.md\/index.php\/wp-json\/wp\/v2\/media?parent=7"}],"curies":[{"name":"wp","href":"https:\/\/api.w.org\/{rel}","templated":true}]}}